{"id":799,"date":"2019-02-25T21:17:19","date_gmt":"2019-03-03T23:27:14","guid":{"rendered":"http:\/\/dungeonext.com\/?post_type=product&#038;p=799"},"modified":"2021-11-16T20:17:58","modified_gmt":"2021-11-16T20:17:58","slug":"dark-catacombs-ossarium-miniworlds","status":"publish","type":"product","link":"https:\/\/dungeonext.com\/it\/product\/dark-catacombs-ossarium-miniworlds\/","title":{"rendered":"Dark Catacombs: OSSARIUM &#8211; Miniworlds"},"content":{"rendered":"<h2><b>2 Porte di cui una diroccata<br \/>\n1 Portoncino di chiusura<br \/>\n2 Colonne in pietra<br \/>\n2 Colonne angolari<br \/>\n4 Pianali angolari &#8220;teschi&#8221;<br \/>\n3 Pianali scheletri a 3 piani<br \/>\n3 Pianali scheletri a 2 piani<br \/>\n2 Gruppi di teschi a terra<\/b><\/h2>\n<div><\/div>\n<h2>Ogni singolo elemento modulare del Set pu\u00f2 essere inserito in ognuno degli elementi di TUTTE le linee presenti e future della MiniWorlds e DungeoNext.<br \/>\nIn questo modo potete ben capire che le possibilit\u00e0 di poter ampliare e diversificare i vostri Dungeons \u00e8 praticamente infinita.<\/h2>\n<h2>La colonnina angolare \u00e8 stata studiata per poter arricchire gli angoli interni vuoti.<br \/>\nOvviamente \u00e8 possibile inserirla in qualsiasi combinazione possa esservi utile.<br \/>\nIl Set ne contiene 2<\/h2>\n<h2>I pianali dei defunti possono tranquillamente rimanere in piedi da soli, la loro base \u00e8 abbastanza larga da poterglielo permettere.<br \/>\nLe combinazioni, anche qui, sono infinite.<\/h2>\n<h2>Qui a lato potete osservare alcune delle molteplici combinazioni possibili.<br \/>\nIn questi casi ho utilizzato TUTTI gli elementi che compongono il set espansione &#8220;Ossarium&#8221; in vendita&#8230; Al momento li ho tutti piazzati sulla linea &#8220;Dark Catacombs&#8221; ma potranno essere tranquillamente inseriti anche nelle future linee di Set DungeoNext o Miniworlds.<\/h2>\n<h2>La versione colorata \u00e8 tutta DIPINTA A MANO con colori di qualit\u00e0. <strong>Il costo della colorazione \u00e8 di 30,00 euro e va richiesta al momento dell&#8217;ordine.<\/strong><\/h2>\n<div><\/div>\n","protected":false},"excerpt":{"rendered":"<h2><strong>Cosa sarebbero le catacombe senza ossa e loculi? Con questi accessori, minuziosamente scolpiti, diventano davvero DARK questi cimiteri sotterranei. Meravigliosi da vedere e da giocare, sono assolutamente da avere!<\/strong><\/h2>\n<h2><b>Il Set Espansione &#8220;Dark Catacombs: Ossarium&#8221; comprende 19 elementi in resina molto resistente per abbellire e completare i vostri Dungeons<\/b><\/h2>\n<h2><\/h2>\n","protected":false},"featured_media":782,"comment_status":"open","ping_status":"closed","template":"","meta":[],"_links":{"self":[{"href":"https:\/\/dungeonext.com\/it\/wp-json\/wp\/v2\/product\/799"}],"collection":[{"href":"https:\/\/dungeonext.com\/it\/wp-json\/wp\/v2\/product"}],"about":[{"href":"https:\/\/dungeonext.com\/it\/wp-json\/wp\/v2\/types\/product"}],"replies":[{"embeddable":true,"href":"https:\/\/dungeonext.com\/it\/wp-json\/wp\/v2\/comments?post=799"}],"wp:featuredmedia":[{"embeddable":true,"href":"https:\/\/dungeonext.com\/it\/wp-json\/wp\/v2\/media\/782"}],"wp:attachment":[{"href":"https:\/\/dungeonext.com\/it\/wp-json\/wp\/v2\/media?parent=799"}],"curies":[{"name":"wp","href":"https:\/\/api.w.org\/{rel}","templated":true}]}}