{"id":219,"date":"2018-11-21T08:55:33","date_gmt":"2018-11-21T08:55:33","guid":{"rendered":"http:\/\/dungeonext.com\/?page_id=219"},"modified":"2018-11-21T08:55:33","modified_gmt":"2018-11-21T08:55:33","slug":"chi-sono","status":"publish","type":"page","link":"https:\/\/dungeonext.com\/it\/chi-sono\/","title":{"rendered":"Chi sono"},"content":{"rendered":"<div class=\"s-title \">\n<div class=\"s-component s-text s-animation-page-slide_in\">\n<p class=\"s-text-color-orange\"><strong>Ghull\u2019ARTS<\/strong>\u00a0\u00e8 il mio nickname, lo uso da quando ho iniziato a creare scenici, prima in marmo e ardesia, (vista la mia professione da marmista) poi in resina. La mia passione per i\u00a0<strong>GDR\u00a0<\/strong>e le\u00a0<strong>miniature<\/strong>, mi hanno spinto a creare pezzi originali basati sui miei concetti di avventura e di gioco.<\/p>\n<\/div>\n<\/div>\n<div class=\"s-subtitle\">\n<div class=\"s-component s-text s-animation-page-slide_in\">\n<p class=\"s-text-color-white\">Cominciato come hobby ed esperimento nel 1996, dal 2015 sono diventato un piccolo produttore di\u00a0<strong>modulari in resina<\/strong>, interamente realizzati in Italia artigianalmente, senza nessun passaggio esterno.<\/p>\n<p class=\"s-text-color-white\">Sono in uscita, molto presto, nuovi livelli di\u00a0<strong>DungeoNext<\/strong>; Set che si uniranno ai sette gi\u00e0 usciti, sempre pi\u00f9 carichi di atmosfera e di possibilit\u00e0 di incastro per le innumerevoli mappe che ogni giocatore ha bisogno di ricreare sui suoi tavoli.<\/p>\n<p class=\"s-text-color-white\"><strong>State pronti per nuove avventure!<\/strong><\/p>\n<p class=\"s-text-color-white\"><strong>Seguite sui miei canali social<\/strong><a href=\"http:\/\/dungeonext.strikingly.com\/#8\"><strong>\u00a0<\/strong><\/a>ogni passo della produzione e\u00a0<strong>accrescete le vostre collezioni di modulari con numerosi\u00a0<\/strong><strong>nuovi muri e piastrelle da gioco!<\/strong><\/p>\n<\/div>\n<\/div>\n","protected":false},"excerpt":{"rendered":"<p>Ghull\u2019ARTS\u00a0\u00e8 il mio nickname, lo uso da quando ho iniziato a creare scenici, prima in marmo e ardesia, (vista la mia professione da marmista) poi in resina. La mia passione per i\u00a0GDR\u00a0e le\u00a0miniature, mi hanno spinto a creare pezzi originali basati sui miei concetti di avventura e di gioco. Cominciato come hobby ed esperimento nel [&hellip;]<\/p>\n","protected":false},"author":3,"featured_media":0,"parent":0,"menu_order":0,"comment_status":"closed","ping_status":"closed","template":"","meta":[],"_links":{"self":[{"href":"https:\/\/dungeonext.com\/it\/wp-json\/wp\/v2\/pages\/219"}],"collection":[{"href":"https:\/\/dungeonext.com\/it\/wp-json\/wp\/v2\/pages"}],"about":[{"href":"https:\/\/dungeonext.com\/it\/wp-json\/wp\/v2\/types\/page"}],"author":[{"embeddable":true,"href":"https:\/\/dungeonext.com\/it\/wp-json\/wp\/v2\/users\/3"}],"replies":[{"embeddable":true,"href":"https:\/\/dungeonext.com\/it\/wp-json\/wp\/v2\/comments?post=219"}],"version-history":[{"count":1,"href":"https:\/\/dungeonext.com\/it\/wp-json\/wp\/v2\/pages\/219\/revisions"}],"predecessor-version":[{"id":220,"href":"https:\/\/dungeonext.com\/it\/wp-json\/wp\/v2\/pages\/219\/revisions\/220"}],"wp:attachment":[{"href":"https:\/\/dungeonext.com\/it\/wp-json\/wp\/v2\/media?parent=219"}],"curies":[{"name":"wp","href":"https:\/\/api.w.org\/{rel}","templated":true}]}}